{"id":213,"date":"2018-01-09T11:34:21","date_gmt":"2018-01-09T13:34:21","guid":{"rendered":"https:\/\/demo.xpeedstudio.com\/wp\/beautypress\/?page_id=1675"},"modified":"2022-02-03T16:07:19","modified_gmt":"2022-02-03T19:07:19","slug":"precos","status":"publish","type":"page","link":"https:\/\/vivaazul.com.br\/index.php\/precos\/","title":{"rendered":"Pre\u00e7os"},"content":{"rendered":"\t\t<div data-elementor-type=\"wp-post\" data-elementor-id=\"213\" class=\"elementor elementor-213 elementor-bc-flex-widget\">\n\t\t\t\t\t\t<section class=\"elementor-section elementor-top-section elementor-element elementor-element-f1f0ec1 elementor-section-boxed elementor-section-height-default elementor-section-height-default\" data-id=\"f1f0ec1\" data-element_type=\"section\" data-e-type=\"section\">\n\t\t\t\t\t\t<div class=\"elementor-container elementor-column-gap-default\">\n\t\t\t\t\t<div class=\"elementor-column elementor-col-100 elementor-top-column elementor-element elementor-element-f15a054\" data-id=\"f15a054\" data-element_type=\"column\" data-e-type=\"column\">\n\t\t\t<div class=\"elementor-widget-wrap elementor-element-populated\">\n\t\t\t\t\t\t<div class=\"elementor-element elementor-element-835b54b xs-heading-text-center elementor-widget elementor-widget-xs-heading\" data-id=\"835b54b\" data-element_type=\"widget\" data-e-type=\"widget\" data-widget_type=\"xs-heading.default\">\n\t\t\t\t<div class=\"elementor-widget-container\">\n\t\t\t\t\t<div class=\"beautypress-big-sub-heading\">\n\t\t\t<h2 class=\"\">Pre\u00e7os <\/h2>\n\t\t<\/div>\t\t\t\t<\/div>\n\t\t\t\t<\/div>\n\t\t\t\t<div class=\"elementor-element elementor-element-e64de4a elementor-align-center elementor-widget elementor-widget-xs-single-image\" data-id=\"e64de4a\" data-element_type=\"widget\" data-e-type=\"widget\" data-widget_type=\"xs-single-image.default\">\n\t\t\t\t<div class=\"elementor-widget-container\">\n\t\t\t\t\t\t\t<div class=\"beautypress-single beautypress-single-image\">\n\t\t\t<div class=\"beautypress-single-image\">\n\t\t\t\t<img decoding=\"async\" width=\"190\" height=\"24\" src=\"https:\/\/vivaazul.com.br\/wp-content\/uploads\/2017\/12\/section-heading-separetor-v2.png\" class=\"attachment-full size-full\" alt=\"\" \/>\t\t\t<\/div>\n\t\t<\/div>\n        \t\t\t\t<\/div>\n\t\t\t\t<\/div>\n\t\t\t\t\t<\/div>\n\t\t<\/div>\n\t\t\t\t\t<\/div>\n\t\t<\/section>\n\t\t\t\t<section class=\"elementor-section elementor-top-section elementor-element elementor-element-24db367 elementor-section-boxed elementor-section-height-default elementor-section-height-default\" data-id=\"24db367\" data-element_type=\"section\" data-e-type=\"section\" data-settings=\"{&quot;background_background&quot;:&quot;classic&quot;}\">\n\t\t\t\t\t\t\t<div class=\"elementor-background-overlay\"><\/div>\n\t\t\t\t\t\t\t<div class=\"elementor-container elementor-column-gap-default\">\n\t\t\t\t\t<div class=\"elementor-column elementor-col-100 elementor-top-column elementor-element elementor-element-47ad8d3\" data-id=\"47ad8d3\" data-element_type=\"column\" data-e-type=\"column\">\n\t\t\t<div class=\"elementor-widget-wrap elementor-element-populated\">\n\t\t\t\t\t\t<section class=\"elementor-section elementor-inner-section elementor-element elementor-element-721f0e6 elementor-section-boxed elementor-section-height-default elementor-section-height-default\" data-id=\"721f0e6\" data-element_type=\"section\" data-e-type=\"section\">\n\t\t\t\t\t\t<div class=\"elementor-container elementor-column-gap-default\">\n\t\t\t\t\t<div class=\"elementor-column elementor-col-100 elementor-inner-column elementor-element elementor-element-906c9ac\" data-id=\"906c9ac\" data-element_type=\"column\" data-e-type=\"column\">\n\t\t\t<div class=\"elementor-widget-wrap\">\n\t\t\t\t\t\t\t<\/div>\n\t\t<\/div>\n\t\t\t\t\t<\/div>\n\t\t<\/section>\n\t\t\t\t\t<\/div>\n\t\t<\/div>\n\t\t\t\t\t<\/div>\n\t\t<\/section>\n\t\t\t\t<section class=\"elementor-section elementor-top-section elementor-element elementor-element-8b3e04e elementor-section-boxed elementor-section-height-default elementor-section-height-default\" data-id=\"8b3e04e\" data-element_type=\"section\" data-e-type=\"section\" data-settings=\"{&quot;background_background&quot;:&quot;classic&quot;}\">\n\t\t\t\t\t\t\t<div class=\"elementor-background-overlay\"><\/div>\n\t\t\t\t\t\t\t<div class=\"elementor-container elementor-column-gap-default\">\n\t\t\t\t\t<div class=\"elementor-column elementor-col-100 elementor-top-column elementor-element elementor-element-71271c8\" data-id=\"71271c8\" data-element_type=\"column\" data-e-type=\"column\">\n\t\t\t<div class=\"elementor-widget-wrap\">\n\t\t\t\t\t\t\t<\/div>\n\t\t<\/div>\n\t\t\t\t\t<\/div>\n\t\t<\/section>\n\t\t\t\t<section class=\"elementor-section elementor-top-section elementor-element elementor-element-21dee02 elementor-section-boxed elementor-section-height-default elementor-section-height-default\" data-id=\"21dee02\" data-element_type=\"section\" data-e-type=\"section\">\n\t\t\t\t\t\t<div class=\"elementor-container elementor-column-gap-default\">\n\t\t\t\t\t<div class=\"elementor-column elementor-col-100 elementor-top-column elementor-element elementor-element-ec186b3\" data-id=\"ec186b3\" data-element_type=\"column\" data-e-type=\"column\">\n\t\t\t<div class=\"elementor-widget-wrap elementor-element-populated\">\n\t\t\t\t\t\t<div class=\"elementor-element elementor-element-3dd6cff elementor-widget elementor-widget-xs-price\" data-id=\"3dd6cff\" data-element_type=\"widget\" data-e-type=\"widget\" data-widget_type=\"xs-price.default\">\n\t\t\t\t<div class=\"elementor-widget-container\">\n\t\t\t\t\t<div class=\"beautypress-single-pricing-table beautypress-version-2 bg-color-purple\">\n\t<div class=\"beautypress-pricing-header\">\n\t\t<i class=\"xsicon icon-money-bag\"><\/i>\n\t\t<div class=\"beautypress-pricing-header-content\">\n\t\t\t<div class=\"beautypress-pricing-title\">\n\t\t\t\t<h2>Consulte nosso catalogo do WhatsApp para conhecer todos os servi\u00e7os oferecidos e valores.<\/h2>\n\t\t\t<\/div>\n\t\t\t<div class=\"beautypress-pricing-price\">\n\t\t\t\t\t\t\t\t<h5><span><\/span><\/h5>\n\t\t\t<\/div>\n\t\t<\/div>\n\t<\/div><!-- .beautypress-pricing-header END -->\n\t<div class=\"beautypress-pricing-footer\">\n\t\t\t\t\t<ul class=\"beautypress-both-side-list\">\n\t\t\t\t\t\t\t\t\t<li><span><\/span><\/li>\n\t\t\t\t\t\t\t<\/ul>\n\t\t\n\t\t\t\t\t<div class=\"beautypress-btn-wraper\">\n\t\t\t\t<a href=\"http:\/\/link.ds7.com.br\/00576a8\" target=\"_blank\" class=\"beautypress-btn xs-btn round-btn box-shadow-btn bg-color-purple\">Agende um hor\u00e1rio<span><\/span><\/a>\n\t\t\t<\/div>\n\t\t\t<\/div>\n<\/div>          \t\t\t\t<\/div>\n\t\t\t\t<\/div>\n\t\t\t\t\t<\/div>\n\t\t<\/div>\n\t\t\t\t\t<\/div>\n\t\t<\/section>\n\t\t\t\t<\/div>\n\t\t","protected":false},"excerpt":{"rendered":"<p>Pre\u00e7os Consulte nosso catalogo do WhatsApp para conhecer todos os servi\u00e7os oferecidos e valores. Agende um hor\u00e1rio<\/p>\n","protected":false},"author":1,"featured_media":0,"parent":0,"menu_order":0,"comment_status":"closed","ping_status":"closed","template":"","meta":{"footnotes":""},"class_list":["post-213","page","type-page","status-publish","hentry"],"_links":{"self":[{"href":"https:\/\/vivaazul.com.br\/index.php\/wp-json\/wp\/v2\/pages\/213","targetHints":{"allow":["GET"]}}],"collection":[{"href":"https:\/\/vivaazul.com.br\/index.php\/wp-json\/wp\/v2\/pages"}],"about":[{"href":"https:\/\/vivaazul.com.br\/index.php\/wp-json\/wp\/v2\/types\/page"}],"author":[{"embeddable":true,"href":"https:\/\/vivaazul.com.br\/index.php\/wp-json\/wp\/v2\/users\/1"}],"replies":[{"embeddable":true,"href":"https:\/\/vivaazul.com.br\/index.php\/wp-json\/wp\/v2\/comments?post=213"}],"version-history":[{"count":60,"href":"https:\/\/vivaazul.com.br\/index.php\/wp-json\/wp\/v2\/pages\/213\/revisions"}],"predecessor-version":[{"id":655,"href":"https:\/\/vivaazul.com.br\/index.php\/wp-json\/wp\/v2\/pages\/213\/revisions\/655"}],"wp:attachment":[{"href":"https:\/\/vivaazul.com.br\/index.php\/wp-json\/wp\/v2\/media?parent=213"}],"curies":[{"name":"wp","href":"https:\/\/api.w.org\/{rel}","templated":true}]}}