{"id":221,"date":"2017-12-28T10:09:43","date_gmt":"2017-12-28T12:09:43","guid":{"rendered":"https:\/\/demo.xpeedstudio.com\/wp\/beautypress\/?page_id=1386"},"modified":"2022-02-03T15:58:55","modified_gmt":"2022-02-03T18:58:55","slug":"massagens","status":"publish","type":"page","link":"https:\/\/vivaazul.com.br\/index.php\/massagens\/","title":{"rendered":"Massagens"},"content":{"rendered":"\t\t<div data-elementor-type=\"wp-post\" data-elementor-id=\"221\" class=\"elementor elementor-221 elementor-bc-flex-widget\">\n\t\t\t\t\t\t<section class=\"elementor-section elementor-top-section elementor-element elementor-element-839c3f4 elementor-section-boxed elementor-section-height-default elementor-section-height-default\" data-id=\"839c3f4\" data-element_type=\"section\" data-e-type=\"section\">\n\t\t\t\t\t\t<div class=\"elementor-container elementor-column-gap-default\">\n\t\t\t\t\t<div class=\"elementor-column elementor-col-100 elementor-top-column elementor-element elementor-element-8b6d91c\" data-id=\"8b6d91c\" data-element_type=\"column\" data-e-type=\"column\">\n\t\t\t<div class=\"elementor-widget-wrap elementor-element-populated\">\n\t\t\t\t\t\t<div class=\"elementor-element elementor-element-483fed6 elementor-widget elementor-widget-heading\" data-id=\"483fed6\" data-element_type=\"widget\" data-e-type=\"widget\" data-widget_type=\"heading.default\">\n\t\t\t\t<div class=\"elementor-widget-container\">\n\t\t\t\t\t<h2 class=\"elementor-heading-title elementor-size-default\">Massagens<\/h2>\t\t\t\t<\/div>\n\t\t\t\t<\/div>\n\t\t\t\t\t<\/div>\n\t\t<\/div>\n\t\t\t\t\t<\/div>\n\t\t<\/section>\n\t\t\t\t<section class=\"elementor-section elementor-top-section elementor-element elementor-element-30ecbbd elementor-section-boxed elementor-section-height-default elementor-section-height-default\" data-id=\"30ecbbd\" data-element_type=\"section\" data-e-type=\"section\">\n\t\t\t\t\t\t<div class=\"elementor-container elementor-column-gap-default\">\n\t\t\t\t\t<div class=\"elementor-column elementor-col-33 elementor-top-column elementor-element elementor-element-8319a1d\" data-id=\"8319a1d\" data-element_type=\"column\" data-e-type=\"column\">\n\t\t\t<div class=\"elementor-widget-wrap elementor-element-populated\">\n\t\t\t\t\t\t<div class=\"elementor-element elementor-element-92c720d elementor-widget elementor-widget-xs-image-box-02\" data-id=\"92c720d\" data-element_type=\"widget\" data-e-type=\"widget\" data-widget_type=\"xs-image-box-02.default\">\n\t\t\t\t<div class=\"elementor-widget-container\">\n\t\t\t\t\t<div class=\"beautypress-single-square-service-content\">\n\t<i class=\"xsicon icon-massage\"><\/i>\n\t<h2>Bambuterapia <\/h2>\n\t<p>A bambuterapia \u00e9 um tipo de massagem para o corpo que utiliza diversos tipos de bambus para potencializar seus efeitos ben\u00e9ficos para o corpo.\nTrata-se de uma t\u00e9cnica de origem francesa indicada para tratar a celulite, a gordura localizada, e a flacidez, mas, tamb\u00e9m pode ser relaxante e reduzir medidas.\ntempo de dura\u00e7\u00e3o aprox\n<\/p>\n\t<div class=\"beautypress-overlay-with-img\">\n\t\t\t<\/div>\n<\/div>\t\t\t\t<\/div>\n\t\t\t\t<\/div>\n\t\t\t\t<div class=\"elementor-element elementor-element-e487625 elementor-widget elementor-widget-xs-image-box-02\" data-id=\"e487625\" data-element_type=\"widget\" data-e-type=\"widget\" data-widget_type=\"xs-image-box-02.default\">\n\t\t\t\t<div class=\"elementor-widget-container\">\n\t\t\t\t\t<div class=\"beautypress-single-square-service-content\">\n\t<i class=\"xsicon icon-massage\"><\/i>\n\t<h2>Back Massage<\/h2>\n\t<p>Localizada na \u00e1rea das costas, uma combina\u00e7\u00e3o de t\u00e9cnicas de massagem s\u00e3o usadas para  aliviar a tens\u00e3o muscular, stress e dores. Alivia a tens\u00e3o do dia, carregando e renovando a energia. Relaxa e reenergiza um corpo cansado. <\/p>\n\t<div class=\"beautypress-overlay-with-img\">\n\t\t\t<\/div>\n<\/div>\t\t\t\t<\/div>\n\t\t\t\t<\/div>\n\t\t\t\t<div class=\"elementor-element elementor-element-1dee782 elementor-widget elementor-widget-xs-image-box-02\" data-id=\"1dee782\" data-element_type=\"widget\" data-e-type=\"widget\" data-widget_type=\"xs-image-box-02.default\">\n\t\t\t\t<div class=\"elementor-widget-container\">\n\t\t\t\t\t<div class=\"beautypress-single-square-service-content\">\n\t<i class=\"xsicon icon-massage\"><\/i>\n\t<h2>Quick<\/h2>\n\t<p>Esta massagem \u00e9 realizada com manobras adaptadas das t\u00e9cnicas orientais Anm\u00e1 e Shiatsu e tem como foco proporcionar o relaxamento muscular em poucos minutos, mesmo porque, a dura\u00e7\u00e3o de cada sess\u00e3o \u00e9 de aproximadamente 15 minutos. A massagem \u00e9 feita com o cliente sentado em uma cadeira que \u00e9 ergonomicamente projetada para esta finalidade.<\/p>\n\t<div class=\"beautypress-overlay-with-img\">\n\t\t\t<\/div>\n<\/div>\t\t\t\t<\/div>\n\t\t\t\t<\/div>\n\t\t\t\t<div class=\"elementor-element elementor-element-d9a258f elementor-widget elementor-widget-xs-image-box-02\" data-id=\"d9a258f\" data-element_type=\"widget\" data-e-type=\"widget\" data-widget_type=\"xs-image-box-02.default\">\n\t\t\t\t<div class=\"elementor-widget-container\">\n\t\t\t\t\t<div class=\"beautypress-single-square-service-content\">\n\t<i class=\"xsicon icon-massage\"><\/i>\n\t<h2>Drenagem Linf\u00e1tica<\/h2>\n\t<p>A drenagem linf\u00e1tica atua sobre os g\u00e2nglios linf\u00e1ticos presentes no corpo, mais precisamente nas axilas, pesco\u00e7o, e virilhas. Quando estes g\u00e2nglios s\u00e3o massageados eles ativam o funcionamento da linfa, um tipo de plasma sangu\u00edneo que carrega consigo algumas impurezas atrav\u00e9s dos vasos linf\u00e1ticos.Estas impurezas ent\u00e3o, poder\u00e3o ser eliminadas atrav\u00e9s do organismo, e favorecer\u00e3o o desincha\u00e7o, o emagrecimento e, a ameniza\u00e7\u00e3o das celulites. A drenagem linf\u00e1tica atua tamb\u00e9m em casos de pr\u00e9 e p\u00f3s-operat\u00f3rio, pois quando o corpo sofre com uma cirurgia pode acarretar edemas, que significam incha\u00e7os, manchas roxas e fibrose. Para uma melhor recupera\u00e7\u00e3o tecidual e bem estar do cliente, a drenagem linf\u00e1tica \u00e9 recomendada, obtendo \u00f3timos resultados.<\/p>\n\t<div class=\"beautypress-overlay-with-img\">\n\t\t\t<\/div>\n<\/div>\t\t\t\t<\/div>\n\t\t\t\t<\/div>\n\t\t\t\t\t<\/div>\n\t\t<\/div>\n\t\t\t\t<div class=\"elementor-column elementor-col-33 elementor-top-column elementor-element elementor-element-7814968\" data-id=\"7814968\" data-element_type=\"column\" data-e-type=\"column\">\n\t\t\t<div class=\"elementor-widget-wrap elementor-element-populated\">\n\t\t\t\t\t\t<div class=\"elementor-element elementor-element-153cbc7 elementor-widget elementor-widget-xs-image-box-02\" data-id=\"153cbc7\" data-element_type=\"widget\" data-e-type=\"widget\" data-widget_type=\"xs-image-box-02.default\">\n\t\t\t\t<div class=\"elementor-widget-container\">\n\t\t\t\t\t<div class=\"beautypress-single-square-service-content\">\n\t<i class=\"xsicon icon-massage\"><\/i>\n\t<h2>Pedras Quentes<\/h2>\n\t<p>Poucas t\u00e9cnicas s\u00e3o t\u00e3o relaxantes quanto a t\u00e9cnica de massagem com pedras quentes, que utiliza um calor natural que penetra no corpo e relaxa o corpo e a mente. Para quem procura uma t\u00e9cnica de massagem diferenciada, recomendamos esta modalidade, pois seu resultado \u00e9 uma massagem extremamente relaxante, atrav\u00e9s do calor das pedras e do movimento cuidadosos das m\u00e3os do terapeuta.\nVale ressaltar tamb\u00e9m os diversos benef\u00edcios da massagem com pedras quentes que v\u00e3o muito al\u00e9m do relaxamento. Esta t\u00e9cnica tamb\u00e9m \u00e9 muito utilizada por profissionais como m\u00e9todo terap\u00eautico para promo\u00e7\u00e3o da sa\u00fade.\n<\/p>\n\t<div class=\"beautypress-overlay-with-img\">\n\t\t\t<\/div>\n<\/div>\t\t\t\t<\/div>\n\t\t\t\t<\/div>\n\t\t\t\t<div class=\"elementor-element elementor-element-ae41412 elementor-widget elementor-widget-xs-image-box-02\" data-id=\"ae41412\" data-element_type=\"widget\" data-e-type=\"widget\" data-widget_type=\"xs-image-box-02.default\">\n\t\t\t\t<div class=\"elementor-widget-container\">\n\t\t\t\t\t<div class=\"beautypress-single-square-service-content\">\n\t<i class=\"xsicon icon-massage\"><\/i>\n\t<h2>Shiatsu<\/h2>\n\t<p>Shiatsu \u00e9 uma t\u00e9cnica milenar que \u00e9 aplicada por press\u00f5es em pontos que podem ser considerados como estrat\u00e9gicos. Estes pontos s\u00e3o os chamados meridianos, os mesmos utilizados na acupuntura. Para que se obtenha melhoras em alguns aspectos de nosso organismo, como por exemplo, melhorar dores de cabe\u00e7a, saiba que existe um ponto em nosso corpo, que n\u00e3o \u00e9 na cabe\u00e7a, que poder\u00e1 providenciar a melhora deste sintoma.\nAlgumas pessoas alegam que receber Shiatsu d\u00f3i, por\u00e9m, isto varia de pessoa para pessoa, pois alguns t\u00eam mais prefer\u00eancias por massagens mais vigorosas enquanto outros gostam mais de massagens suaves.\n<\/p>\n\t<div class=\"beautypress-overlay-with-img\">\n\t\t\t<\/div>\n<\/div>\t\t\t\t<\/div>\n\t\t\t\t<\/div>\n\t\t\t\t<div class=\"elementor-element elementor-element-41f735f elementor-widget elementor-widget-xs-image-box-02\" data-id=\"41f735f\" data-element_type=\"widget\" data-e-type=\"widget\" data-widget_type=\"xs-image-box-02.default\">\n\t\t\t\t<div class=\"elementor-widget-container\">\n\t\t\t\t\t<div class=\"beautypress-single-square-service-content\">\n\t<i class=\"xsicon icon-massage\"><\/i>\n\t<h2>Massagem Relaxante<\/h2>\n\t<p>A Massagem Relaxante \u00e9 executada aplicando movimentos firmes e suaves sobre o corpo, proporcionando relaxamento muscular, melhoria da circula\u00e7\u00e3o sangu\u00ednea, al\u00edvio de tens\u00f5es no pesco\u00e7o e ombros entre outros benef\u00edcios. <\/p>\n\t<div class=\"beautypress-overlay-with-img\">\n\t\t\t<\/div>\n<\/div>\t\t\t\t<\/div>\n\t\t\t\t<\/div>\n\t\t\t\t\t<\/div>\n\t\t<\/div>\n\t\t\t\t<div class=\"elementor-column elementor-col-33 elementor-top-column elementor-element elementor-element-7888c10\" data-id=\"7888c10\" data-element_type=\"column\" data-e-type=\"column\">\n\t\t\t<div class=\"elementor-widget-wrap elementor-element-populated\">\n\t\t\t\t\t\t<div class=\"elementor-element elementor-element-9a0591c elementor-widget elementor-widget-xs-image-box-02\" data-id=\"9a0591c\" data-element_type=\"widget\" data-e-type=\"widget\" data-widget_type=\"xs-image-box-02.default\">\n\t\t\t\t<div class=\"elementor-widget-container\">\n\t\t\t\t\t<div class=\"beautypress-single-square-service-content\">\n\t<i class=\"xsicon icon-massage\"><\/i>\n\t<h2>Massagem Modeladora<\/h2>\n\t<p>A massagem modeladora possui diversos benef\u00edcios, entre eles est\u00e1 o combate \u00e0 flacidez, a redu\u00e7\u00e3o de medidas e redu\u00e7\u00e3o das celulites. Cremes espec\u00edficos para combater a celulite podem ser utilizados para potencializar os efeitos da massagem. Outros de seus benef\u00edcios s\u00e3o:\n\u2022\tMelhora da circula\u00e7\u00e3o sangu\u00ednea\n\u2022\tElimina\u00e7\u00e3o das c\u00e9lulas mortas\n\u2022\tOxigena\u00e7\u00e3o das c\u00e9lulas e consequente elimina\u00e7\u00e3o de gordura\n\u2022\tElimina\u00e7\u00e3o das toxinas do organismo\n\u2022\tModelagem do corpo\n\u2022\tElimina\u00e7\u00e3o da reten\u00e7\u00e3o de l\u00edquidos que provoca incha\u00e7o\n\u2022\tMelhora da fun\u00e7\u00e3o intestinal\nPara que os resultados da massagem possam ser percebidos mais rapidamente, conv\u00e9m alimentar-se de forma equilibrada e praticar exerc\u00edcios f\u00edsicos moderados.\n<\/p>\n\t<div class=\"beautypress-overlay-with-img\">\n\t\t\t<\/div>\n<\/div>\t\t\t\t<\/div>\n\t\t\t\t<\/div>\n\t\t\t\t<div class=\"elementor-element elementor-element-138d2c3 elementor-widget elementor-widget-xs-image-box-02\" data-id=\"138d2c3\" data-element_type=\"widget\" data-e-type=\"widget\" data-widget_type=\"xs-image-box-02.default\">\n\t\t\t\t<div class=\"elementor-widget-container\">\n\t\t\t\t\t<div class=\"beautypress-single-square-service-content\">\n\t<i class=\"xsicon icon-massage\"><\/i>\n\t<h2>Reflexologia<\/h2>\n\t<p>A reflexologia podal funciona atuando sobre os pontos meridianos reconhecidos pela acupuntura e, portanto, proporciona benef\u00edcios essenciais para uma boa sa\u00fade corporal e mental. Mas al\u00e9m destes pontos essenciais, a t\u00e9cnica trabalha tamb\u00e9m, no relaxamento dos m\u00fasculos, tend\u00f5es e articula\u00e7\u00f5es Entre os benef\u00edcios da reflexologia podal, podemos destacar a melhora do metabolismo, alivio da pris\u00e3o de ventre e seus sintomas desagrad\u00e1veis, melhora de dores de est\u00f4mago, al\u00edvio de dores nas costas ou na coluna, al\u00edvio de dores nos p\u00e9s, e melhora do desequil\u00edbrio hormonal. \u00c9 um tipo de massagem que tamb\u00e9m favorece o equil\u00edbrio da mente, o relaxamento, e mant\u00e9m a sa\u00fade em melhor estado.<\/p>\n\t<div class=\"beautypress-overlay-with-img\">\n\t\t\t<\/div>\n<\/div>\t\t\t\t<\/div>\n\t\t\t\t<\/div>\n\t\t\t\t\t<\/div>\n\t\t<\/div>\n\t\t\t\t\t<\/div>\n\t\t<\/section>\n\t\t\t\t<\/div>\n\t\t","protected":false},"excerpt":{"rendered":"<p>Massagens Bambuterapia A bambuterapia \u00e9 um tipo de massagem para o corpo que utiliza diversos tipos de bambus para potencializar seus efeitos ben\u00e9ficos para o<a class=\"btn btn-primary\"  href=\"https:\/\/vivaazul.com.br\/index.php\/massagens\/\" target=\"_blank\">Read More<\/a><\/p>\n","protected":false},"author":1,"featured_media":0,"parent":0,"menu_order":0,"comment_status":"closed","ping_status":"closed","template":"template\/template-full-width.php","meta":{"footnotes":""},"class_list":["post-221","page","type-page","status-publish","hentry"],"_links":{"self":[{"href":"https:\/\/vivaazul.com.br\/index.php\/wp-json\/wp\/v2\/pages\/221","targetHints":{"allow":["GET"]}}],"collection":[{"href":"https:\/\/vivaazul.com.br\/index.php\/wp-json\/wp\/v2\/pages"}],"about":[{"href":"https:\/\/vivaazul.com.br\/index.php\/wp-json\/wp\/v2\/types\/page"}],"author":[{"embeddable":true,"href":"https:\/\/vivaazul.com.br\/index.php\/wp-json\/wp\/v2\/users\/1"}],"replies":[{"embeddable":true,"href":"https:\/\/vivaazul.com.br\/index.php\/wp-json\/wp\/v2\/comments?post=221"}],"version-history":[{"count":25,"href":"https:\/\/vivaazul.com.br\/index.php\/wp-json\/wp\/v2\/pages\/221\/revisions"}],"predecessor-version":[{"id":654,"href":"https:\/\/vivaazul.com.br\/index.php\/wp-json\/wp\/v2\/pages\/221\/revisions\/654"}],"wp:attachment":[{"href":"https:\/\/vivaazul.com.br\/index.php\/wp-json\/wp\/v2\/media?parent=221"}],"curies":[{"name":"wp","href":"https:\/\/api.w.org\/{rel}","templated":true}]}}