{"id":229,"date":"2017-12-27T06:37:42","date_gmt":"2017-12-27T06:37:42","guid":{"rendered":"https:\/\/demo.xpeedstudio.com\/wp\/beautypress\/?page_id=1271"},"modified":"2019-01-17T16:33:02","modified_gmt":"2019-01-17T18:33:02","slug":"sobre-nos","status":"publish","type":"page","link":"https:\/\/vivaazul.com.br\/index.php\/sobre-nos\/","title":{"rendered":"Sobre N\u00f3s"},"content":{"rendered":"\t\t<div data-elementor-type=\"wp-post\" data-elementor-id=\"229\" class=\"elementor elementor-229 elementor-bc-flex-widget\">\n\t\t\t\t\t\t<section class=\"elementor-section elementor-top-section elementor-element elementor-element-1e39567 elementor-section-content-middle elementor-section-boxed elementor-section-height-default elementor-section-height-default\" data-id=\"1e39567\" data-element_type=\"section\" data-e-type=\"section\">\n\t\t\t\t\t\t<div class=\"elementor-container elementor-column-gap-wide\">\n\t\t\t\t\t<div class=\"elementor-column elementor-col-50 elementor-top-column elementor-element elementor-element-d009cae\" data-id=\"d009cae\" data-element_type=\"column\" data-e-type=\"column\">\n\t\t\t<div class=\"elementor-widget-wrap elementor-element-populated\">\n\t\t\t\t\t\t<div class=\"elementor-element elementor-element-2f83ae7 elementor-widget elementor-widget-xs-heading\" data-id=\"2f83ae7\" data-element_type=\"widget\" data-e-type=\"widget\" data-widget_type=\"xs-heading.default\">\n\t\t\t\t<div class=\"elementor-widget-container\">\n\t\t\t\t\t<div class=\"beautypress-heading-text-content\">\n      \t\t<div class=\"beautypress-sub-heading beautypress-watermark-title \">\n\t\t\t<h2 data-title=\"Sobre N\u00f3s\">Saiba mais<\/h2>\n\t\t<\/div>\n    \t<\/div>\t\t\t\t<\/div>\n\t\t\t\t<\/div>\n\t\t\t\t<div class=\"elementor-element elementor-element-6b1f9a1 elementor-widget elementor-widget-xs-heading\" data-id=\"6b1f9a1\" data-element_type=\"widget\" data-e-type=\"widget\" data-widget_type=\"xs-heading.default\">\n\t\t\t\t<div class=\"elementor-widget-container\">\n\t\t\t\t\t<div class=\"beautypress-heading-text-content\">\n    \t\t\t<p>O Espa\u00e7o Viva Azul - Corpo e Mente surgiu da ideia de cuidar das pessoas, pois no mundo moderno todos sentem a necessidade de aten\u00e7\u00e3o, e elas est\u00e3o adoecendo cada vez mais cedo. Pensando nisso o Viva Azul foi criado para suprir essa necessidade atrav\u00e9s de terapias alternativas, pois o nosso corpo nos foi dado para ser cuidado com muito carinho e aten\u00e7\u00e3o, quando nos esquecemos ficamos fr\u00e1geis e o problemas de sa\u00fade aparecem, por isso vamos cuidar do corpo e da mente, antes que as doen\u00e7as apare\u00e7am e o viva azul veio para ajudar, atrav\u00e9s de profissionais qualificados e preocupados com o bem estar do pr\u00f3ximo.\n<\/p>\n\t<\/div>\t\t\t\t<\/div>\n\t\t\t\t<\/div>\n\t\t\t\t\t<\/div>\n\t\t<\/div>\n\t\t\t\t<div class=\"elementor-column elementor-col-50 elementor-top-column elementor-element elementor-element-f937677\" data-id=\"f937677\" data-element_type=\"column\" data-e-type=\"column\">\n\t\t\t<div class=\"elementor-widget-wrap elementor-element-populated\">\n\t\t\t\t\t\t<div class=\"elementor-element elementor-element-1029 elementor-widget elementor-widget-xs-video\" data-id=\"1029\" data-element_type=\"widget\" data-e-type=\"widget\" data-widget_type=\"xs-video.default\">\n\t\t\t\t<div class=\"elementor-widget-container\">\n\t\t\t\t\t        \t\t\t<div class=\"beautypress-video-popup-content\">\n\t\t\t\t<div class=\"beautypress-video-popup-content-inner beautypress-border beautypress-version-2 xs-video-border-none\">\n\t\t\t\t\t<img decoding=\"async\" src=\"http:\/\/vivaazul.com.br\/wp-content\/uploads\/2019\/01\/Viva-Azul-2018_mpeg4-2.mp4\" alt=\"\">\n\t\t\t\t\t<a href=\"\" class=\"beautypress-video-popup beautypress-video-popup-btn bg-color-pink\">\n\t\t\t\t\t\t<i class=\"fa fa-play\"><\/i>\n\t\t\t\t\t<\/a>\n\t\t\t\t<\/div>\n\t\t\t<\/div>\n\t\t        \t\t\t\t<\/div>\n\t\t\t\t<\/div>\n\t\t\t\t<div class=\"elementor-element elementor-element-dab8bfc elementor-widget elementor-widget-video\" data-id=\"dab8bfc\" data-element_type=\"widget\" data-e-type=\"widget\" data-settings=\"{&quot;youtube_url&quot;:&quot;https:\\\/\\\/youtu.be\\\/n2AznNt4j40&quot;,&quot;video_type&quot;:&quot;youtube&quot;,&quot;controls&quot;:&quot;yes&quot;}\" data-widget_type=\"video.default\">\n\t\t\t\t<div class=\"elementor-widget-container\">\n\t\t\t\t\t\t\t<div class=\"elementor-wrapper elementor-open-inline\">\n\t\t\t<div class=\"elementor-video\"><\/div>\t\t<\/div>\n\t\t\t\t\t\t<\/div>\n\t\t\t\t<\/div>\n\t\t\t\t\t<\/div>\n\t\t<\/div>\n\t\t\t\t\t<\/div>\n\t\t<\/section>\n\t\t\t\t<\/div>\n\t\t","protected":false},"excerpt":{"rendered":"<p>Saiba mais O Espa\u00e7o Viva Azul &#8211; Corpo e Mente surgiu da ideia de cuidar das pessoas, pois no mundo moderno todos sentem a necessidade<a class=\"btn btn-primary\"  href=\"https:\/\/vivaazul.com.br\/index.php\/sobre-nos\/\" target=\"_blank\">Read More<\/a><\/p>\n","protected":false},"author":1,"featured_media":0,"parent":0,"menu_order":0,"comment_status":"closed","ping_status":"closed","template":"template\/template-full-width.php","meta":{"footnotes":""},"class_list":["post-229","page","type-page","status-publish","hentry"],"_links":{"self":[{"href":"https:\/\/vivaazul.com.br\/index.php\/wp-json\/wp\/v2\/pages\/229","targetHints":{"allow":["GET"]}}],"collection":[{"href":"https:\/\/vivaazul.com.br\/index.php\/wp-json\/wp\/v2\/pages"}],"about":[{"href":"https:\/\/vivaazul.com.br\/index.php\/wp-json\/wp\/v2\/types\/page"}],"author":[{"embeddable":true,"href":"https:\/\/vivaazul.com.br\/index.php\/wp-json\/wp\/v2\/users\/1"}],"replies":[{"embeddable":true,"href":"https:\/\/vivaazul.com.br\/index.php\/wp-json\/wp\/v2\/comments?post=229"}],"version-history":[{"count":6,"href":"https:\/\/vivaazul.com.br\/index.php\/wp-json\/wp\/v2\/pages\/229\/revisions"}],"predecessor-version":[{"id":533,"href":"https:\/\/vivaazul.com.br\/index.php\/wp-json\/wp\/v2\/pages\/229\/revisions\/533"}],"wp:attachment":[{"href":"https:\/\/vivaazul.com.br\/index.php\/wp-json\/wp\/v2\/media?parent=229"}],"curies":[{"name":"wp","href":"https:\/\/api.w.org\/{rel}","templated":true}]}}