{"id":240,"date":"2017-11-08T04:23:56","date_gmt":"2017-11-08T04:23:56","guid":{"rendered":"http:\/\/beautypress.test\/?page_id=4"},"modified":"2024-04-11T15:25:13","modified_gmt":"2024-04-11T18:25:13","slug":"home","status":"publish","type":"page","link":"https:\/\/vivaazul.com.br\/","title":{"rendered":"Home"},"content":{"rendered":"<h2><\/h2>\n<h3>Pilates<\/h3>\n<p>Pilates \u00e9 uma t\u00e9cnica que trabalha a mente e o corpo, em conjunto, e possui como princ\u00edpios b\u00e1sicos: concentra\u00e7\u00e3o, controle, centraliza\u00e7\u00e3o, precis\u00e3o e respira\u00e7\u00e3o. Esses aspectos s\u00e3o respons\u00e1veis pela harmoniza\u00e7\u00e3o do organismo durante a pr\u00e1tica.<\/p>\n<p><a target=\"_self\" rel=\"noopener\">Agende um hor\u00e1rio <\/a><\/p>\n<h2 data-title=\"6+\">10+Anos de Experi\u00eancia<\/h2>\n<p>O espa\u00e7o Viva Azul- Corpo e Mente, surgiu da ideia de cuidar de pessoas, pois no mundo moderno todos sentem a necessidade de aten\u00e7\u00e3o, e elas est\u00e3o adoecendo cada vez mais cedo&#8230;<\/p>\n<p><a href=\"http:\/\/vivaazul.com.br\/index.php\/sobre-nos\/\" target=\"_self\" rel=\"noopener\">Saiba mais <\/a><\/p>\n<h2>Cuidar de Pessoas<\/h2>\n<p>Pensando nisso o Viva Azul foi criado para suprir essa necessidade atrav\u00e9s de terapias alternativas, pois o nosso corpo nos foi dado para ser cuidado com muito carinho e aten\u00e7\u00e3o, quando nos esquecemos, ficamos fr\u00e1geis e os problemas de sa\u00fade&#8230;<\/p>\n<h2>Venha nos conhecer<\/h2>\n<h3>Agende uma visita<\/h3>\n<h2>Hor\u00e1rios<\/h2>\n<h3>Hor\u00e1rio de Funcionamento<\/h3>\n<ul>\n<li>Seg- Qui : 7:00am &#8211; 20:00pm<\/li>\n<li>Sexta : 7:00am &#8211; 19:00pm<\/li>\n<li>S\u00e1bado : 8:00am &#8211; 14:00pm<\/li>\n<li>Domingo : Fechado!<\/li>\n<\/ul>\n<h2>Redes Sociais<\/h2>\n<p><iframe style=\"border: none; overflow: hidden;\" src=\"https:\/\/www.facebook.com\/plugins\/page.php?href=https%3A%2F%2Fwww.facebook.com%2Fvivaazul%2F&amp;tabs=timeline&amp;width=340&amp;height=500&amp;small_header=false&amp;adapt_container_width=true&amp;hide_cover=false&amp;show_facepile=true&amp;appId\" width=\"340\" height=\"500\" frameborder=\"0\" scrolling=\"no\"><\/iframe><br \/>\n\n<div id=\"sb_instagram\"  class=\"sbi sbi_mob_col_1 sbi_tab_col_2 sbi_col_1\" style=\"padding-bottom: 10px; width: 100%;\"\t data-feedid=\"*1\"  data-res=\"auto\" data-cols=\"1\" data-colsmobile=\"1\" data-colstablet=\"2\" data-num=\"2\" data-nummobile=\"\" data-item-padding=\"5\"\t data-shortcode-atts=\"{&quot;cachetime&quot;:30}\"  data-postid=\"240\" data-locatornonce=\"e4970e9e4e\" data-imageaspectratio=\"1:1\" data-sbi-flags=\"favorLocal\">\n\t<div class=\"sb_instagram_header \"   >\n\t<a class=\"sbi_header_link\" target=\"_blank\"\n\t   rel=\"nofollow noopener\" href=\"https:\/\/www.instagram.com\/vivaazul.indaia\/\" title=\"@vivaazul.indaia\">\n\t\t<div class=\"sbi_header_text\">\n\t\t\t<div class=\"sbi_header_img\"  data-avatar-url=\"https:\/\/scontent-lax3-2.xx.fbcdn.net\/v\/t51.2885-15\/46771394_223089875254840_6232056224339197952_n.jpg?_nc_cat=100&amp;ccb=1-7&amp;_nc_sid=7d201b&amp;_nc_eui2=AeFSRWnVcdfMkV_4Ziy5PxYg1YcwWbflpTDVhzBZt-WlMMZw0IrM-3-JvAkCnGRuWbz0SCd2hE332ygR7VsHcz4I&amp;_nc_ohc=CbJw-tF7BhwAb43elmT&amp;_nc_ht=scontent-lax3-2.xx&amp;edm=AL-3X8kEAAAA&amp;oh=00_AfBVD52azTgP6l9GnYL56SwG3_3CXSHSlmkR8UBdJ5nlDA&amp;oe=661DDE93\">\n\t\t\t\t\t\t\t\t\t<div class=\"sbi_header_img_hover\"  ><svg class=\"sbi_new_logo fa-instagram fa-w-14\" aria-hidden=\"true\" data-fa-processed=\"\" aria-label=\"Instagram\" data-prefix=\"fab\" data-icon=\"instagram\" role=\"img\" viewBox=\"0 0 448 512\">\n                    <path fill=\"currentColor\" d=\"M224.1 141c-63.6 0-114.9 51.3-114.9 114.9s51.3 114.9 114.9 114.9S339 319.5 339 255.9 287.7 141 224.1 141zm0 189.6c-41.1 0-74.7-33.5-74.7-74.7s33.5-74.7 74.7-74.7 74.7 33.5 74.7 74.7-33.6 74.7-74.7 74.7zm146.4-194.3c0 14.9-12 26.8-26.8 26.8-14.9 0-26.8-12-26.8-26.8s12-26.8 26.8-26.8 26.8 12 26.8 26.8zm76.1 27.2c-1.7-35.9-9.9-67.7-36.2-93.9-26.2-26.2-58-34.4-93.9-36.2-37-2.1-147.9-2.1-184.9 0-35.8 1.7-67.6 9.9-93.9 36.1s-34.4 58-36.2 93.9c-2.1 37-2.1 147.9 0 184.9 1.7 35.9 9.9 67.7 36.2 93.9s58 34.4 93.9 36.2c37 2.1 147.9 2.1 184.9 0 35.9-1.7 67.7-9.9 93.9-36.2 26.2-26.2 34.4-58 36.2-93.9 2.1-37 2.1-147.8 0-184.8zM398.8 388c-7.8 19.6-22.9 34.7-42.6 42.6-29.5 11.7-99.5 9-132.1 9s-102.7 2.6-132.1-9c-19.6-7.8-34.7-22.9-42.6-42.6-11.7-29.5-9-99.5-9-132.1s-2.6-102.7 9-132.1c7.8-19.6 22.9-34.7 42.6-42.6 29.5-11.7 99.5-9 132.1-9s102.7-2.6 132.1 9c19.6 7.8 34.7 22.9 42.6 42.6 11.7 29.5 9 99.5 9 132.1s2.7 102.7-9 132.1z\"><\/path>\n                <\/svg><\/div>\n\t\t\t\t\t<img decoding=\"async\"  src=\"https:\/\/vivaazul.com.br\/wp-content\/uploads\/sb-instagram-feed-images\/vivaazul.indaia.jpg\" alt=\"\" width=\"50\" height=\"50\">\n\t\t\t\t\n\t\t\t\t\t\t\t<\/div>\n\n\t\t\t<div class=\"sbi_feedtheme_header_text\">\n\t\t\t\t<h3>vivaazul.indaia<\/h3>\n\t\t\t\t\t\t\t\t\t<p class=\"sbi_bio\">Pilates<br>\nManicure &amp; Pedicure<br>\nTerapias Manuais Massagens<br>\nPodologia <br>\n\ud83d\udcf2 Agende seu hor\u00e1rio\ud83d\udc47<\/p>\n\t\t\t\t\t\t\t<\/div>\n\t\t<\/div>\n\t<\/a>\n<\/div>\n\n\t<div id=\"sbi_images\"  style=\"gap: 10px;\">\n\t\t<div class=\"sbi_item sbi_type_carousel sbi_new sbi_transition\"\n\tid=\"sbi_17910140453929345\" data-date=\"1712755338\">\n\t<div class=\"sbi_photo_wrap\">\n\t\t<a class=\"sbi_photo\" href=\"https:\/\/www.instagram.com\/p\/C5lRynju0-G\/\" target=\"_blank\" rel=\"noopener nofollow\"\n\t\t\tdata-full-res=\"https:\/\/scontent-lax3-2.cdninstagram.com\/v\/t51.29350-15\/437055936_7548331695190303_4258694189872416113_n.webp?stp=dst-jpg&#038;_nc_cat=103&#038;ccb=1-7&#038;_nc_sid=18de74&#038;_nc_eui2=AeELqmCkngfpPC6YHTFUxgYMKag3NBtVz8gpqDc0G1XPyBH_KGF5Pxv6wTtVjK3_VNJa4HdqIwOJyn-pp521FZe2&#038;_nc_ohc=seOPr8WG-xMAb5bok2N&#038;_nc_ht=scontent-lax3-2.cdninstagram.com&#038;edm=AM6HXa8EAAAA&#038;oh=00_AfB5qKCtavshT-3sSZwGrmNOwekIhBYSv3vg9PBdH6SuEg&#038;oe=661DFB83\"\n\t\t\tdata-img-src-set=\"{&quot;d&quot;:&quot;https:\\\/\\\/scontent-lax3-2.cdninstagram.com\\\/v\\\/t51.29350-15\\\/437055936_7548331695190303_4258694189872416113_n.webp?stp=dst-jpg&amp;_nc_cat=103&amp;ccb=1-7&amp;_nc_sid=18de74&amp;_nc_eui2=AeELqmCkngfpPC6YHTFUxgYMKag3NBtVz8gpqDc0G1XPyBH_KGF5Pxv6wTtVjK3_VNJa4HdqIwOJyn-pp521FZe2&amp;_nc_ohc=seOPr8WG-xMAb5bok2N&amp;_nc_ht=scontent-lax3-2.cdninstagram.com&amp;edm=AM6HXa8EAAAA&amp;oh=00_AfB5qKCtavshT-3sSZwGrmNOwekIhBYSv3vg9PBdH6SuEg&amp;oe=661DFB83&quot;,&quot;150&quot;:&quot;https:\\\/\\\/scontent-lax3-2.cdninstagram.com\\\/v\\\/t51.29350-15\\\/437055936_7548331695190303_4258694189872416113_n.webp?stp=dst-jpg&amp;_nc_cat=103&amp;ccb=1-7&amp;_nc_sid=18de74&amp;_nc_eui2=AeELqmCkngfpPC6YHTFUxgYMKag3NBtVz8gpqDc0G1XPyBH_KGF5Pxv6wTtVjK3_VNJa4HdqIwOJyn-pp521FZe2&amp;_nc_ohc=seOPr8WG-xMAb5bok2N&amp;_nc_ht=scontent-lax3-2.cdninstagram.com&amp;edm=AM6HXa8EAAAA&amp;oh=00_AfB5qKCtavshT-3sSZwGrmNOwekIhBYSv3vg9PBdH6SuEg&amp;oe=661DFB83&quot;,&quot;320&quot;:&quot;https:\\\/\\\/scontent-lax3-2.cdninstagram.com\\\/v\\\/t51.29350-15\\\/437055936_7548331695190303_4258694189872416113_n.webp?stp=dst-jpg&amp;_nc_cat=103&amp;ccb=1-7&amp;_nc_sid=18de74&amp;_nc_eui2=AeELqmCkngfpPC6YHTFUxgYMKag3NBtVz8gpqDc0G1XPyBH_KGF5Pxv6wTtVjK3_VNJa4HdqIwOJyn-pp521FZe2&amp;_nc_ohc=seOPr8WG-xMAb5bok2N&amp;_nc_ht=scontent-lax3-2.cdninstagram.com&amp;edm=AM6HXa8EAAAA&amp;oh=00_AfB5qKCtavshT-3sSZwGrmNOwekIhBYSv3vg9PBdH6SuEg&amp;oe=661DFB83&quot;,&quot;640&quot;:&quot;https:\\\/\\\/scontent-lax3-2.cdninstagram.com\\\/v\\\/t51.29350-15\\\/437055936_7548331695190303_4258694189872416113_n.webp?stp=dst-jpg&amp;_nc_cat=103&amp;ccb=1-7&amp;_nc_sid=18de74&amp;_nc_eui2=AeELqmCkngfpPC6YHTFUxgYMKag3NBtVz8gpqDc0G1XPyBH_KGF5Pxv6wTtVjK3_VNJa4HdqIwOJyn-pp521FZe2&amp;_nc_ohc=seOPr8WG-xMAb5bok2N&amp;_nc_ht=scontent-lax3-2.cdninstagram.com&amp;edm=AM6HXa8EAAAA&amp;oh=00_AfB5qKCtavshT-3sSZwGrmNOwekIhBYSv3vg9PBdH6SuEg&amp;oe=661DFB83&quot;}\">\n\t\t\t<span class=\"sbi-screenreader\">J\u00e1 conhece nossa massagem relaxante com aromaterap<\/span>\n\t\t\t<svg class=\"svg-inline--fa fa-clone fa-w-16 sbi_lightbox_carousel_icon\" aria-hidden=\"true\" aria-label=\"Clone\" data-fa-pro\u0192cessed=\"\" data-prefix=\"far\" data-icon=\"clone\" role=\"img\" xmlns=\"http:\/\/www.w3.org\/2000\/svg\" viewBox=\"0 0 512 512\">\n                    <path fill=\"currentColor\" d=\"M464 0H144c-26.51 0-48 21.49-48 48v48H48c-26.51 0-48 21.49-48 48v320c0 26.51 21.49 48 48 48h320c26.51 0 48-21.49 48-48v-48h48c26.51 0 48-21.49 48-48V48c0-26.51-21.49-48-48-48zM362 464H54a6 6 0 0 1-6-6V150a6 6 0 0 1 6-6h42v224c0 26.51 21.49 48 48 48h224v42a6 6 0 0 1-6 6zm96-96H150a6 6 0 0 1-6-6V54a6 6 0 0 1 6-6h308a6 6 0 0 1 6 6v308a6 6 0 0 1-6 6z\"><\/path>\n                <\/svg>\t\t\t\t\t\t<img decoding=\"async\" src=\"https:\/\/vivaazul.com.br\/wp-content\/plugins\/instagram-feed\/img\/placeholder.png\" alt=\"J\u00e1 conhece nossa massagem relaxante com aromaterapia? \n.\nA massagem relaxante j\u00e1 tr\u00e1s diversos benef\u00edcios, junto a t\u00e9cnica aromatouch, ela se torna ainda mais potente.\n.\nConhe\u00e7a um pouco mais sobre essa t\u00e9cnica passando pro lado \ud83d\udc46\ud83c\udffc\n#massagemindaiatuba #aromaterapiaindaiatuba #vivaazulcorpoemente #autocuidado\" aria-hidden=\"true\">\n\t\t<\/a>\n\t<\/div>\n<\/div><div class=\"sbi_item sbi_type_video sbi_new sbi_transition\"\n\tid=\"sbi_18032998114926209\" data-date=\"1712755135\">\n\t<div class=\"sbi_photo_wrap\">\n\t\t<a class=\"sbi_photo\" href=\"https:\/\/www.instagram.com\/reel\/C5lRYP7OgBa\/\" target=\"_blank\" rel=\"noopener nofollow\"\n\t\t\tdata-full-res=\"https:\/\/scontent-lax3-1.cdninstagram.com\/v\/t51.29350-15\/437099502_844458814108618_3902809932941804392_n.jpg?_nc_cat=102&#038;ccb=1-7&#038;_nc_sid=18de74&#038;_nc_eui2=AeFbfZCdF2xmKbMAVJyeCxD0wjOKd5n23ZLCM4p3mfbdkumqewCbaw17aQ9-6RMSXXnoDqQfRwsMM2-ZIxY0hzdc&#038;_nc_ohc=q_LCzUdOmjQAb7wwi4Z&#038;_nc_ht=scontent-lax3-1.cdninstagram.com&#038;edm=AM6HXa8EAAAA&#038;oh=00_AfBh6v9fXknFo1yvoDUt9bGQduSKA2WF1S2Du7U8SF1utw&#038;oe=661DF4B8\"\n\t\t\tdata-img-src-set=\"{&quot;d&quot;:&quot;https:\\\/\\\/scontent-lax3-1.cdninstagram.com\\\/v\\\/t51.29350-15\\\/437099502_844458814108618_3902809932941804392_n.jpg?_nc_cat=102&amp;ccb=1-7&amp;_nc_sid=18de74&amp;_nc_eui2=AeFbfZCdF2xmKbMAVJyeCxD0wjOKd5n23ZLCM4p3mfbdkumqewCbaw17aQ9-6RMSXXnoDqQfRwsMM2-ZIxY0hzdc&amp;_nc_ohc=q_LCzUdOmjQAb7wwi4Z&amp;_nc_ht=scontent-lax3-1.cdninstagram.com&amp;edm=AM6HXa8EAAAA&amp;oh=00_AfBh6v9fXknFo1yvoDUt9bGQduSKA2WF1S2Du7U8SF1utw&amp;oe=661DF4B8&quot;,&quot;150&quot;:&quot;https:\\\/\\\/scontent-lax3-1.cdninstagram.com\\\/v\\\/t51.29350-15\\\/437099502_844458814108618_3902809932941804392_n.jpg?_nc_cat=102&amp;ccb=1-7&amp;_nc_sid=18de74&amp;_nc_eui2=AeFbfZCdF2xmKbMAVJyeCxD0wjOKd5n23ZLCM4p3mfbdkumqewCbaw17aQ9-6RMSXXnoDqQfRwsMM2-ZIxY0hzdc&amp;_nc_ohc=q_LCzUdOmjQAb7wwi4Z&amp;_nc_ht=scontent-lax3-1.cdninstagram.com&amp;edm=AM6HXa8EAAAA&amp;oh=00_AfBh6v9fXknFo1yvoDUt9bGQduSKA2WF1S2Du7U8SF1utw&amp;oe=661DF4B8&quot;,&quot;320&quot;:&quot;https:\\\/\\\/scontent-lax3-1.cdninstagram.com\\\/v\\\/t51.29350-15\\\/437099502_844458814108618_3902809932941804392_n.jpg?_nc_cat=102&amp;ccb=1-7&amp;_nc_sid=18de74&amp;_nc_eui2=AeFbfZCdF2xmKbMAVJyeCxD0wjOKd5n23ZLCM4p3mfbdkumqewCbaw17aQ9-6RMSXXnoDqQfRwsMM2-ZIxY0hzdc&amp;_nc_ohc=q_LCzUdOmjQAb7wwi4Z&amp;_nc_ht=scontent-lax3-1.cdninstagram.com&amp;edm=AM6HXa8EAAAA&amp;oh=00_AfBh6v9fXknFo1yvoDUt9bGQduSKA2WF1S2Du7U8SF1utw&amp;oe=661DF4B8&quot;,&quot;640&quot;:&quot;https:\\\/\\\/scontent-lax3-1.cdninstagram.com\\\/v\\\/t51.29350-15\\\/437099502_844458814108618_3902809932941804392_n.jpg?_nc_cat=102&amp;ccb=1-7&amp;_nc_sid=18de74&amp;_nc_eui2=AeFbfZCdF2xmKbMAVJyeCxD0wjOKd5n23ZLCM4p3mfbdkumqewCbaw17aQ9-6RMSXXnoDqQfRwsMM2-ZIxY0hzdc&amp;_nc_ohc=q_LCzUdOmjQAb7wwi4Z&amp;_nc_ht=scontent-lax3-1.cdninstagram.com&amp;edm=AM6HXa8EAAAA&amp;oh=00_AfBh6v9fXknFo1yvoDUt9bGQduSKA2WF1S2Du7U8SF1utw&amp;oe=661DF4B8&quot;}\">\n\t\t\t<span class=\"sbi-screenreader\">J\u00e1 conhece nossa massagem relaxante com aromaterap<\/span>\n\t\t\t\t\t\t<svg style=\"color: rgba(255,255,255,1)\" class=\"svg-inline--fa fa-play fa-w-14 sbi_playbtn\" aria-label=\"Play\" aria-hidden=\"true\" data-fa-processed=\"\" data-prefix=\"fa\" data-icon=\"play\" role=\"presentation\" xmlns=\"http:\/\/www.w3.org\/2000\/svg\" viewBox=\"0 0 448 512\"><path fill=\"currentColor\" d=\"M424.4 214.7L72.4 6.6C43.8-10.3 0 6.1 0 47.9V464c0 37.5 40.7 60.1 72.4 41.3l352-208c31.4-18.5 31.5-64.1 0-82.6z\"><\/path><\/svg>\t\t\t<img decoding=\"async\" src=\"https:\/\/vivaazul.com.br\/wp-content\/plugins\/instagram-feed\/img\/placeholder.png\" alt=\"J\u00e1 conhece nossa massagem relaxante com aromaterapia? \n.\nA massagem relaxante j\u00e1 tr\u00e1s diversos benef\u00edcios, junto a t\u00e9cnica aromatouch, ela se torna ainda mais potente.\n.\nConhe\u00e7a um pouco mais sobre essa t\u00e9cnica passando pro lado \ud83d\udc46\ud83c\udffc\n#massagemindaiatuba #aromaterapiaindaiatuba #vivaazulcorpoemente #autocuidado\" aria-hidden=\"true\">\n\t\t<\/a>\n\t<\/div>\n<\/div>\t<\/div>\n\n\t<div id=\"sbi_load\" >\n\n\t\t\t<button class=\"sbi_load_btn\"\n\t\t\ttype=\"button\" >\n\t\t\t<span class=\"sbi_btn_text\" >Carregar mais...<\/span>\n\t\t\t<span class=\"sbi_loader sbi_hidden\" style=\"background-color: rgb(255, 255, 255);\" aria-hidden=\"true\"><\/span>\n\t\t<\/button>\n\t\n\t\t\t<span class=\"sbi_follow_btn\" >\n\t\t\t<a target=\"_blank\"\n\t\t\t\trel=\"nofollow noopener\"  href=\"https:\/\/www.instagram.com\/vivaazul.indaia\/\">\n\t\t\t\t<svg class=\"svg-inline--fa fa-instagram fa-w-14\" aria-hidden=\"true\" data-fa-processed=\"\" aria-label=\"Instagram\" data-prefix=\"fab\" data-icon=\"instagram\" role=\"img\" viewBox=\"0 0 448 512\">\n                    <path fill=\"currentColor\" d=\"M224.1 141c-63.6 0-114.9 51.3-114.9 114.9s51.3 114.9 114.9 114.9S339 319.5 339 255.9 287.7 141 224.1 141zm0 189.6c-41.1 0-74.7-33.5-74.7-74.7s33.5-74.7 74.7-74.7 74.7 33.5 74.7 74.7-33.6 74.7-74.7 74.7zm146.4-194.3c0 14.9-12 26.8-26.8 26.8-14.9 0-26.8-12-26.8-26.8s12-26.8 26.8-26.8 26.8 12 26.8 26.8zm76.1 27.2c-1.7-35.9-9.9-67.7-36.2-93.9-26.2-26.2-58-34.4-93.9-36.2-37-2.1-147.9-2.1-184.9 0-35.8 1.7-67.6 9.9-93.9 36.1s-34.4 58-36.2 93.9c-2.1 37-2.1 147.9 0 184.9 1.7 35.9 9.9 67.7 36.2 93.9s58 34.4 93.9 36.2c37 2.1 147.9 2.1 184.9 0 35.9-1.7 67.7-9.9 93.9-36.2 26.2-26.2 34.4-58 36.2-93.9 2.1-37 2.1-147.8 0-184.8zM398.8 388c-7.8 19.6-22.9 34.7-42.6 42.6-29.5 11.7-99.5 9-132.1 9s-102.7 2.6-132.1-9c-19.6-7.8-34.7-22.9-42.6-42.6-11.7-29.5-9-99.5-9-132.1s-2.6-102.7 9-132.1c7.8-19.6 22.9-34.7 42.6-42.6 29.5-11.7 99.5-9 132.1-9s102.7-2.6 132.1 9c19.6 7.8 34.7 22.9 42.6 42.6 11.7 29.5 9 99.5 9 132.1s2.7 102.7-9 132.1z\"><\/path>\n                <\/svg>\t\t\t\t<span>Seguir no Instagram<\/span>\n\t\t\t<\/a>\n\t\t<\/span>\n\t\n<\/div>\n\t\t<span class=\"sbi_resized_image_data\" data-feed-id=\"*1\"\n\t\t  data-resized=\"{&quot;17910140453929345&quot;:{&quot;id&quot;:&quot;437055936_7548331695190303_4258694189872416113_n.webp&quot;,&quot;ratio&quot;:&quot;1.00&quot;,&quot;sizes&quot;:{&quot;full&quot;:640,&quot;low&quot;:320,&quot;thumb&quot;:150}},&quot;18032998114926209&quot;:{&quot;id&quot;:&quot;437099502_844458814108618_3902809932941804392_n&quot;,&quot;ratio&quot;:&quot;0.56&quot;,&quot;sizes&quot;:{&quot;full&quot;:640,&quot;low&quot;:320,&quot;thumb&quot;:150}}}\">\n\t<\/span>\n\t<\/div>\n\n<\/p>\n","protected":false},"excerpt":{"rendered":"<p>Pilates Pilates \u00e9 uma t\u00e9cnica que trabalha a mente e o corpo, em conjunto, e possui como princ\u00edpios b\u00e1sicos: concentra\u00e7\u00e3o, controle, centraliza\u00e7\u00e3o, precis\u00e3o e respira\u00e7\u00e3o.<a class=\"btn btn-primary\"  href=\"https:\/\/vivaazul.com.br\/\" target=\"_blank\">Read More<\/a><\/p>\n","protected":false},"author":1,"featured_media":688,"parent":0,"menu_order":0,"comment_status":"closed","ping_status":"closed","template":"","meta":{"footnotes":""},"class_list":["post-240","page","type-page","status-publish","has-post-thumbnail","hentry"],"_links":{"self":[{"href":"https:\/\/vivaazul.com.br\/index.php\/wp-json\/wp\/v2\/pages\/240","targetHints":{"allow":["GET"]}}],"collection":[{"href":"https:\/\/vivaazul.com.br\/index.php\/wp-json\/wp\/v2\/pages"}],"about":[{"href":"https:\/\/vivaazul.com.br\/index.php\/wp-json\/wp\/v2\/types\/page"}],"author":[{"embeddable":true,"href":"https:\/\/vivaazul.com.br\/index.php\/wp-json\/wp\/v2\/users\/1"}],"replies":[{"embeddable":true,"href":"https:\/\/vivaazul.com.br\/index.php\/wp-json\/wp\/v2\/comments?post=240"}],"version-history":[{"count":24,"href":"https:\/\/vivaazul.com.br\/index.php\/wp-json\/wp\/v2\/pages\/240\/revisions"}],"predecessor-version":[{"id":695,"href":"https:\/\/vivaazul.com.br\/index.php\/wp-json\/wp\/v2\/pages\/240\/revisions\/695"}],"wp:featuredmedia":[{"embeddable":true,"href":"https:\/\/vivaazul.com.br\/index.php\/wp-json\/wp\/v2\/media\/688"}],"wp:attachment":[{"href":"https:\/\/vivaazul.com.br\/index.php\/wp-json\/wp\/v2\/media?parent=240"}],"curies":[{"name":"wp","href":"https:\/\/api.w.org\/{rel}","templated":true}]}}