{"id":437,"date":"2018-08-21T15:32:08","date_gmt":"2018-08-21T18:32:08","guid":{"rendered":"http:\/\/vivaazul.com.br\/?page_id=437"},"modified":"2024-04-11T15:28:37","modified_gmt":"2024-04-11T18:28:37","slug":"atendimentos-e-tratamentos","status":"publish","type":"page","link":"https:\/\/vivaazul.com.br\/index.php\/atendimentos-e-tratamentos\/","title":{"rendered":"Atendimentos e Tratamentos"},"content":{"rendered":"<h2>Tratamentos e Atendimentos<\/h2>\n<h2>Espa\u00e7o de Beleza<\/h2>\n<p>Manicure e Pedicure; Depila\u00e7\u00e3o<\/p>\n<h2>Podologia<\/h2>\n<p>Podologia \u00e9 uma \u00e1rea especializada em tratar afec\u00e7\u00f5es dos p\u00e9s como calos, calosidades, unhas encravadas, fissuras nos calcanhares, entre outros. Nessa \u00e1rea atuam pod\u00f3logos, pedicuros e t\u00e9cnicos em podologia.<br \/>\nSeu foco \u00e9 mostrar como as pessoas devem cuidar de seus p\u00e9s, preenchendo uma lacuna entre a pedicura e as equipes da \u00e1rea de sa\u00fade: ortopedia, dermatologia, angiologia e reumatologia. O objetivo \u00e9 desenvolver um trabalho multidisciplinar na assist\u00eancia e tratamento dos p\u00e9s para garantir a sa\u00fade deles.<\/p>\n<h2>Acupuntura<\/h2>\n<p>a acupuntura \u00e9 um dos ramos da medicina tradicional chinesa, a qual ainda inclui o Qi Gong, a fitoterapia, dietoterapia e tui na. O m\u00e9todo tradicional de tratamento se d\u00e1 atrav\u00e9s de agulhas espec\u00edficas fixadas sobre os pontos meridianos do corpo. Estas agulhas possuem a fun\u00e7\u00e3o de desbloquear o fluxo energ\u00e9tico do corpo e liberar a concentra\u00e7\u00e3o de energia local, principal causa da dor. Al\u00e9m das agulhas pode ser tamb\u00e9m utilizado durante o tratamento a auriculoterapia, a moxa(tratamento com calor nos pontos), ventosa e guasha.<\/p>\n<h2>Limpeza de Pele<\/h2>\n<p>A Limpeza de Pele tem como objetivo fazer uma desintoxica\u00e7\u00e3o superficial e profunda, facilitando a sa\u00edda de microrganismos prejudiciais \u00e0 sa\u00fade dos tecidos, removendo as c\u00e9lulas mortas, os comed\u00f5es (cravos), o excesso de oleosidade, entre outras impurezas que se depositam na pele.<br \/>\nSeus benef\u00edcios s\u00e3o not\u00e1veis tanto para a beleza quanto para a sa\u00fade da pele da face e pesco\u00e7o, pois o procedimento ajuda a desobstruir os poros, prevenindo algumas doen\u00e7as de pele e melhorando a apar\u00eancia do rosto.<\/p>\n<h2>Auriculoterapia<\/h2>\n<p>Os pontos meridianos encontrados na orelha representam os diversos \u00f3rg\u00e3os do corpo e s\u00e3o capazes de enviar informa\u00e7\u00f5es sensoriais quando s\u00e3o estimulados. Atrav\u00e9s destes pontos \u00e9 poss\u00edvel tratar todo tipo de problema de sa\u00fade, sejam estes f\u00edsicos, ps\u00edquicos ou emocionais.<br \/>\nPodendo ser utilizado agulhas, sementes, esferas de a\u00e7o, magnetos ou stiper no tratamento.<\/p>\n<h2>Pilates<\/h2>\n<p>Pilates \u00e9 uma t\u00e9cnica que trabalha a mente e o corpo, em conjunto, e possui como princ\u00edpios b\u00e1sicos: concentra\u00e7\u00e3o, controle, centraliza\u00e7\u00e3o, precis\u00e3o e respira\u00e7\u00e3o. Esses aspectos s\u00e3o respons\u00e1veis pela harmoniza\u00e7\u00e3o do organismo durante a pr\u00e1tica.<br \/>\nPraticar Pilates pode ser considerado um dos melhores exerc\u00edcios para quem deseja aperfei\u00e7oar a musculatura corporal, evitar doen\u00e7as cardiovasculares, eliminar o estresse ocasionado pela correria do dia a dia, emagrecer, corrigir a postura, aumentar a flexibilidade, estimular a coordena\u00e7\u00e3o motora, prevenir fraturas ocasionadas pela osteoporose, melhorar concentra\u00e7\u00e3o e amenizar dores. Enfim, uma infinidade de benef\u00edcios que, certamente, auxiliar\u00e3o seu corpo e sua mente.<br \/>\nA pr\u00e1tica de Pilates pode ser feita por qualquer pessoa de 08 a 80 anos, desde que acompanhado por profissionais respons\u00e1veis.<\/p>\n<h2>Reflexologia<\/h2>\n<p>A reflexologia podal funciona atuando sobre os pontos meridianos reconhecidos pela acupuntura e, portanto, proporciona benef\u00edcios essenciais para uma boa sa\u00fade corporal e mental. Mas al\u00e9m destes pontos essenciais, a t\u00e9cnica trabalha tamb\u00e9m, no relaxamento dos m\u00fasculos, tend\u00f5es e articula\u00e7\u00f5es Entre os benef\u00edcios da reflexologia podal, podemos destacar a melhora do metabolismo, alivio da pris\u00e3o de ventre e seus sintomas desagrad\u00e1veis, melhora de dores de est\u00f4mago, al\u00edvio de dores nas costas ou na coluna, al\u00edvio de dores nos p\u00e9s, e melhora do desequil\u00edbrio hormonal. \u00c9 um tipo de massagem que tamb\u00e9m favorece o equil\u00edbrio da mente, o relaxamento, e mant\u00e9m a sa\u00fade em melhor estado.<\/p>\n<h2><\/h2>\n","protected":false},"excerpt":{"rendered":"<p>Tratamentos e Atendimentos Espa\u00e7o de Beleza Manicure e Pedicure; Depila\u00e7\u00e3o Podologia Podologia \u00e9 uma \u00e1rea especializada em tratar afec\u00e7\u00f5es dos p\u00e9s como calos, calosidades, unhas<a class=\"btn btn-primary\"  href=\"https:\/\/vivaazul.com.br\/index.php\/atendimentos-e-tratamentos\/\" target=\"_blank\">Read More<\/a><\/p>\n","protected":false},"author":1,"featured_media":0,"parent":0,"menu_order":0,"comment_status":"closed","ping_status":"closed","template":"","meta":{"footnotes":""},"class_list":["post-437","page","type-page","status-publish","hentry"],"_links":{"self":[{"href":"https:\/\/vivaazul.com.br\/index.php\/wp-json\/wp\/v2\/pages\/437","targetHints":{"allow":["GET"]}}],"collection":[{"href":"https:\/\/vivaazul.com.br\/index.php\/wp-json\/wp\/v2\/pages"}],"about":[{"href":"https:\/\/vivaazul.com.br\/index.php\/wp-json\/wp\/v2\/types\/page"}],"author":[{"embeddable":true,"href":"https:\/\/vivaazul.com.br\/index.php\/wp-json\/wp\/v2\/users\/1"}],"replies":[{"embeddable":true,"href":"https:\/\/vivaazul.com.br\/index.php\/wp-json\/wp\/v2\/comments?post=437"}],"version-history":[{"count":24,"href":"https:\/\/vivaazul.com.br\/index.php\/wp-json\/wp\/v2\/pages\/437\/revisions"}],"predecessor-version":[{"id":698,"href":"https:\/\/vivaazul.com.br\/index.php\/wp-json\/wp\/v2\/pages\/437\/revisions\/698"}],"wp:attachment":[{"href":"https:\/\/vivaazul.com.br\/index.php\/wp-json\/wp\/v2\/media?parent=437"}],"curies":[{"name":"wp","href":"https:\/\/api.w.org\/{rel}","templated":true}]}}